{"id":8,"date":"2024-03-20T07:41:14","date_gmt":"2024-03-20T07:41:14","guid":{"rendered":"https:\/\/visverum.hu\/?page_id=8"},"modified":"2025-07-10T15:31:37","modified_gmt":"2025-07-10T13:31:37","slug":"kapcsolat","status":"publish","type":"page","link":"https:\/\/visverum.hu\/en\/kapcsolat\/","title":{"rendered":"Contact us"},"content":{"rendered":"<div class=\"wp-block-columns is-layout-flex wp-container-core-columns-is-layout-9d6595d7 wp-block-columns-is-layout-flex\">\r\n<div class=\"wp-block-column is-layout-flow wp-block-column-is-layout-flow\">\r\n<h3 class=\"wp-block-heading\">Hung\u00e1ria Malomudvar Irodah\u00e1z<\/h3>\r\n\r\n\r\n\r\n<p>1095 Budapest, Soroks\u00e1ri \u00fat 48.<br>10-11-14-es \u00e9p\u00fclet 3. emelet<\/p>\r\n\r\n\r\n\r\n<p><strong>Office:<\/strong>:<br>E-mail: office@visverum.hu<br>Mobil: +36 70 595 2675<br>Telefon: +36 1 797 9739<\/p>\r\n\r\n\r\n\r\n<p><strong>HR<\/strong><br>E-mail: hr@visverum.hu<br>Mobil: +36 20 275 7550<\/p>\r\n\r\n\r\n\r\n<p><strong>Sales<\/strong><br>E-mail: sales@visverum.hu<br>Mobil: +36 20 437 6854<\/p>\r\n\r\n\r\n\r\n<p><strong>M\u00c1T\u00c9 Bal\u00e1zs CEO<\/strong><br>E-mail: balazs.mate@visverum.hu<\/p>\r\n<\/div>\r\n\r\n\r\n\r\n<div class=\"wp-block-column is-layout-flow wp-block-column-is-layout-flow\">\r\n<figure class=\"wp-block-image size-full\"><img loading=\"lazy\" decoding=\"async\" width=\"1714\" height=\"1074\" src=\"https:\/\/visverum.hu\/wp-content\/uploads\/malomudvar.jpg\" alt=\"\" class=\"wp-image-600\" srcset=\"https:\/\/visverum.hu\/wp-content\/uploads\/malomudvar.jpg 1714w, https:\/\/visverum.hu\/wp-content\/uploads\/malomudvar-768x481.jpg 768w, https:\/\/visverum.hu\/wp-content\/uploads\/malomudvar-1536x962.jpg 1536w\" sizes=\"auto, (max-width: 1714px) 100vw, 1714px\" \/><\/figure>\r\n<\/div>\r\n<\/div>","protected":false},"excerpt":{"rendered":"<p>Hung\u00e1ria Malomudvar Irodah\u00e1z 1095 Budapest, Soroks\u00e1ri \u00fat 48.10-11-14-es \u00e9p\u00fclet 3. emelet Iroda:E-mail: office@visverum.huMobil: +36 70 595 2675Telefon: +36 1 797 9739 HRE-mail: hr@visverum.huMobil: +36 20 275 7550 SalesE-mail: sales@visverum.huMobil: +36 20 437 6854 M\u00c1T\u00c9 Bal\u00e1zs CEOE-mail: balazs.mate@visverum.hu<\/p>","protected":false},"author":4,"featured_media":0,"parent":0,"menu_order":0,"comment_status":"closed","ping_status":"closed","template":"","meta":{"_acf_changed":false,"footnotes":""},"tags":[108],"class_list":["post-8","page","type-page","status-publish","hentry","tag-kapcsolat"],"acf":[],"_links":{"self":[{"href":"https:\/\/visverum.hu\/en\/wp-json\/wp\/v2\/pages\/8","targetHints":{"allow":["GET"]}}],"collection":[{"href":"https:\/\/visverum.hu\/en\/wp-json\/wp\/v2\/pages"}],"about":[{"href":"https:\/\/visverum.hu\/en\/wp-json\/wp\/v2\/types\/page"}],"author":[{"embeddable":true,"href":"https:\/\/visverum.hu\/en\/wp-json\/wp\/v2\/users\/4"}],"replies":[{"embeddable":true,"href":"https:\/\/visverum.hu\/en\/wp-json\/wp\/v2\/comments?post=8"}],"version-history":[{"count":64,"href":"https:\/\/visverum.hu\/en\/wp-json\/wp\/v2\/pages\/8\/revisions"}],"predecessor-version":[{"id":1996,"href":"https:\/\/visverum.hu\/en\/wp-json\/wp\/v2\/pages\/8\/revisions\/1996"}],"wp:attachment":[{"href":"https:\/\/visverum.hu\/en\/wp-json\/wp\/v2\/media?parent=8"}],"wp:term":[{"taxonomy":"post_tag","embeddable":true,"href":"https:\/\/visverum.hu\/en\/wp-json\/wp\/v2\/tags?post=8"}],"curies":[{"name":"wp","href":"https:\/\/api.w.org\/{rel}","templated":true}]}}