{"id":5,"date":"2024-03-20T07:40:46","date_gmt":"2024-03-20T07:40:46","guid":{"rendered":"https:\/\/visverum.hu\/?page_id=5"},"modified":"2025-01-11T18:50:08","modified_gmt":"2025-01-11T17:50:08","slug":"kezdolap","status":"publish","type":"page","link":"https:\/\/visverum.hu\/en\/","title":{"rendered":"Professzion\u00e1lis szolg\u00e1ltat\u00e1sok gy\u00e1rt\u00f3knak \u00e9s besz\u00e1ll\u00edt\u00f3knak"},"content":{"rendered":"","protected":false},"excerpt":{"rendered":"","protected":false},"author":4,"featured_media":0,"parent":0,"menu_order":0,"comment_status":"closed","ping_status":"closed","template":"","meta":{"_acf_changed":false,"footnotes":""},"tags":[],"class_list":["post-5","page","type-page","status-publish","hentry"],"acf":[],"_links":{"self":[{"href":"https:\/\/visverum.hu\/en\/wp-json\/wp\/v2\/pages\/5","targetHints":{"allow":["GET"]}}],"collection":[{"href":"https:\/\/visverum.hu\/en\/wp-json\/wp\/v2\/pages"}],"about":[{"href":"https:\/\/visverum.hu\/en\/wp-json\/wp\/v2\/types\/page"}],"author":[{"embeddable":true,"href":"https:\/\/visverum.hu\/en\/wp-json\/wp\/v2\/users\/4"}],"replies":[{"embeddable":true,"href":"https:\/\/visverum.hu\/en\/wp-json\/wp\/v2\/comments?post=5"}],"version-history":[{"count":100,"href":"https:\/\/visverum.hu\/en\/wp-json\/wp\/v2\/pages\/5\/revisions"}],"predecessor-version":[{"id":1867,"href":"https:\/\/visverum.hu\/en\/wp-json\/wp\/v2\/pages\/5\/revisions\/1867"}],"wp:attachment":[{"href":"https:\/\/visverum.hu\/en\/wp-json\/wp\/v2\/media?parent=5"}],"wp:term":[{"taxonomy":"post_tag","embeddable":true,"href":"https:\/\/visverum.hu\/en\/wp-json\/wp\/v2\/tags?post=5"}],"curies":[{"name":"wp","href":"https:\/\/api.w.org\/{rel}","templated":true}]}}